{"id":181,"date":"2026-03-25T19:29:10","date_gmt":"2026-03-25T19:29:10","guid":{"rendered":"https:\/\/bforcy.com\/product\/faca-macarrao-de-legumes-facil-cortador-espiral-pratico\/"},"modified":"2026-03-27T02:55:14","modified_gmt":"2026-03-27T02:55:14","slug":"faca-macarrao-de-legumes-facil-cortador-espiral-pratico","status":"publish","type":"product","link":"https:\/\/bforcy.com\/en\/product\/faca-macarrao-de-legumes-facil-cortador-espiral-pratico\/","title":{"rendered":"Fa\u00e7a Macarr\u00e3o de Legumes F\u00e1cil \u2013 Cortador Espiral Pr\u00e1tico"},"content":{"rendered":"<h1>SPECIFICATIONS<\/h1>\n<p>&nbsp;<\/p>\n<p>Blade Material: <span style=\"color: #333;\">Stainless steel<\/span><\/p>\n<p>Brand Name: <span style=\"color: #333;\">other<\/span><\/p>\n<p>Certification: <span style=\"color: #333;\">CE \/ EU,CIQ,EEC,SGS<\/span><\/p>\n<p>Choice: <span style=\"color: #333;\">yes<\/span><\/p>\n<p>Feature: <span style=\"color: #333;\">Eco-Friendly,Stocked<\/span><\/p>\n<p>Fruit &amp; Vegetable Tools Type: <span style=\"color: #333;\">Shredders &amp; Slicers<\/span><\/p>\n<p>High-concerned chemical: <span style=\"color: #333;\">None<\/span><\/p>\n<p>Material: <span style=\"color: #333;\">Stainless steel<\/span><\/p>\n<p>Model Number: <span style=\"color: #333;\">KC0335<\/span><\/p>\n<p>Origin: <span style=\"color: #333;\">Mainland China<\/span><\/p>\n<p>Type: <span style=\"color: #333;\">Fruit &amp; Vegetable Tools<\/span><\/p>\n<p>&nbsp;<\/p>\n","protected":false},"excerpt":{"rendered":"<p>SPECIFICATIONS &nbsp; Blade Material: Stainless steel Brand Name: other Certification: CE \/ EU,CIQ,EEC,SGS Choice: yes Feature: Eco-Friendly,Stocked Fruit &amp; Vegetable Tools Type: Shredders &amp; Slicers High-concerned chemical: None Material: Stainless steel Model Number: KC0335 Origin: Mainland China Type: Fruit &amp; Vegetable Tools &nbsp;<\/p>\n","protected":false},"featured_media":160,"comment_status":"open","ping_status":"closed","template":"","meta":[],"product_brand":[],"product_cat":[45,15],"product_tag":[],"class_list":{"0":"post-181","1":"product","2":"type-product","3":"status-publish","4":"has-post-thumbnail","6":"product_cat-cozinha","7":"product_cat-uncategorized","9":"first","10":"instock","11":"sale","12":"shipping-taxable","13":"purchasable","14":"product-type-simple"},"aioseo_notices":[],"_links":{"self":[{"href":"https:\/\/bforcy.com\/en\/wp-json\/wp\/v2\/product\/181","targetHints":{"allow":["GET"]}}],"collection":[{"href":"https:\/\/bforcy.com\/en\/wp-json\/wp\/v2\/product"}],"about":[{"href":"https:\/\/bforcy.com\/en\/wp-json\/wp\/v2\/types\/product"}],"replies":[{"embeddable":true,"href":"https:\/\/bforcy.com\/en\/wp-json\/wp\/v2\/comments?post=181"}],"wp:featuredmedia":[{"embeddable":true,"href":"https:\/\/bforcy.com\/en\/wp-json\/wp\/v2\/media\/160"}],"wp:attachment":[{"href":"https:\/\/bforcy.com\/en\/wp-json\/wp\/v2\/media?parent=181"}],"wp:term":[{"taxonomy":"product_brand","embeddable":true,"href":"https:\/\/bforcy.com\/en\/wp-json\/wp\/v2\/product_brand?post=181"},{"taxonomy":"product_cat","embeddable":true,"href":"https:\/\/bforcy.com\/en\/wp-json\/wp\/v2\/product_cat?post=181"},{"taxonomy":"product_tag","embeddable":true,"href":"https:\/\/bforcy.com\/en\/wp-json\/wp\/v2\/product_tag?post=181"}],"curies":[{"name":"wp","href":"https:\/\/api.w.org\/{rel}","templated":true}]}}