{"id":218,"date":"2026-03-25T19:29:32","date_gmt":"2026-03-25T19:29:32","guid":{"rendered":"https:\/\/bforcy.com\/product\/tigela-inteligente-com-escorredor-ideal-para-refeicoes-rapidas\/"},"modified":"2026-03-27T02:55:46","modified_gmt":"2026-03-27T02:55:46","slug":"tigela-inteligente-com-escorredor-ideal-para-refeicoes-rapidas","status":"publish","type":"product","link":"https:\/\/bforcy.com\/en\/product\/tigela-inteligente-com-escorredor-ideal-para-refeicoes-rapidas\/","title":{"rendered":"Tigela Inteligente com Escorredor \u2013 Ideal para Refei\u00e7\u00f5es R\u00e1pidas"},"content":{"rendered":"<h1>SPECIFICATIONS<\/h1>\n<p>&nbsp;<\/p>\n<p>Brand Name: <span style=\"color: #333;\">other<\/span><\/p>\n<p>Capacity: <span style=\"color: #333;\">&lt;1L<\/span><\/p>\n<p>Certification: <span style=\"color: #333;\">CE \/ EU<\/span><\/p>\n<p>Choice: <span style=\"color: #333;\">yes<\/span><\/p>\n<p>Dinnerware Type: <span style=\"color: #333;\">Bowls<\/span><\/p>\n<p>Feature: <span style=\"color: #333;\">Disposable,Eco-Friendly,Stocked<\/span><\/p>\n<p>High-concerned chemical: <span style=\"color: #333;\">None<\/span><\/p>\n<p>Material: <span style=\"color: #333;\">Metal<\/span><\/p>\n<p>Metal Type: <span style=\"color: #333;\">Aluminum alloy<\/span><\/p>\n<p>Model Number: <span style=\"color: #333;\">SY<\/span><\/p>\n<p>Origin: <span style=\"color: #333;\">Mainland China<\/span><\/p>\n<p>Pattern Type: <span style=\"color: #333;\">Solid<\/span><\/p>\n<p>Quantity: <span style=\"color: #333;\">1 pcs<\/span><\/p>\n<p>Technics: <span style=\"color: #333;\">Pigmented<\/span><\/p>\n<p>&nbsp;<\/p>\n","protected":false},"excerpt":{"rendered":"<p>SPECIFICATIONS &nbsp; Brand Name: other Capacity: &lt;1L Certification: CE \/ EU Choice: yes Dinnerware Type: Bowls Feature: Disposable,Eco-Friendly,Stocked High-concerned chemical: None Material: Metal Metal Type: Aluminum alloy Model Number: SY Origin: Mainland China Pattern Type: Solid Quantity: 1 pcs Technics: Pigmented &nbsp;<\/p>\n","protected":false},"featured_media":199,"comment_status":"open","ping_status":"closed","template":"","meta":[],"product_brand":[],"product_cat":[45,15],"product_tag":[],"class_list":{"0":"post-218","1":"product","2":"type-product","3":"status-publish","4":"has-post-thumbnail","6":"product_cat-cozinha","7":"product_cat-uncategorized","9":"first","10":"instock","11":"sale","12":"shipping-taxable","13":"purchasable","14":"product-type-variable"},"aioseo_notices":[],"_links":{"self":[{"href":"https:\/\/bforcy.com\/en\/wp-json\/wp\/v2\/product\/218","targetHints":{"allow":["GET"]}}],"collection":[{"href":"https:\/\/bforcy.com\/en\/wp-json\/wp\/v2\/product"}],"about":[{"href":"https:\/\/bforcy.com\/en\/wp-json\/wp\/v2\/types\/product"}],"replies":[{"embeddable":true,"href":"https:\/\/bforcy.com\/en\/wp-json\/wp\/v2\/comments?post=218"}],"wp:featuredmedia":[{"embeddable":true,"href":"https:\/\/bforcy.com\/en\/wp-json\/wp\/v2\/media\/199"}],"wp:attachment":[{"href":"https:\/\/bforcy.com\/en\/wp-json\/wp\/v2\/media?parent=218"}],"wp:term":[{"taxonomy":"product_brand","embeddable":true,"href":"https:\/\/bforcy.com\/en\/wp-json\/wp\/v2\/product_brand?post=218"},{"taxonomy":"product_cat","embeddable":true,"href":"https:\/\/bforcy.com\/en\/wp-json\/wp\/v2\/product_cat?post=218"},{"taxonomy":"product_tag","embeddable":true,"href":"https:\/\/bforcy.com\/en\/wp-json\/wp\/v2\/product_tag?post=218"}],"curies":[{"name":"wp","href":"https:\/\/api.w.org\/{rel}","templated":true}]}}